{"id":1008,"date":"2026-02-23T20:26:22","date_gmt":"2026-02-23T20:26:22","guid":{"rendered":"https:\/\/www.apartmaloucna.cz\/?page_id=1008"},"modified":"2026-02-23T20:26:22","modified_gmt":"2026-02-23T20:26:22","slug":"uvodni-stranka","status":"publish","type":"page","link":"https:\/\/www.apartmaloucna.cz\/","title":{"rendered":"\u00davodn\u00ed str\u00e1nka"},"content":{"rendered":"<p style=\"font-weight: 400;\">V\u00edtejte na internetov\u00fdch str\u00e1nk\u00e1ch Apartma FARA.<\/p>\n<p style=\"font-weight: 400;\">P\u0159ije\u010fte si odpo\u010dinout a str\u00e1vit svou dovolenou v kr\u00e1sn\u00e9m ubytov\u00e1n\u00ed v srdci Jesen\u00edk\u016f. Nev\u00e1hejte a rezervujte si sv\u016fj pobyt.&nbsp;<\/p>\n<p style=\"font-weight: 400;\"><strong><span style=\"color: #008000;\">NOVINKA: m\u00e1me pro v\u00e1s promo k\u00f3d na slevu p\u0159i zakoupen\u00ed skipasu v are\u00e1lu Kouty<\/span><\/strong><\/p>\n<p style=\"font-weight: 400;\">Nach\u00e1z\u00edte se na internetov\u00fdch str\u00e1nk\u00e1ch apartm\u00e1nu FARA v Jesen\u00edk\u00e1ch v Lou\u010dn\u00e9 nad Desnou, v ob\u010dansky velmi dob\u0159e vybaven\u00e9 obci. Jde o velmi \u017e\u00e1danou turistickou lokalitu pro rekreaci i sport (horsk\u00e1 turistika, ly\u017eov\u00e1n\u00ed, term\u00e1ly s wellness, historie a mnoho dal\u0161\u00edho). Jde o zcela nov\u00fd podkrovn\u00ed apartm\u00e1n, kter\u00fd je kompletn\u011b za\u0159\u00edzen\u00fd, byt 1+kk mezonetov\u00e9ho typu. Nab\u00edz\u00ed nocleh&nbsp;pro 4 osoby v mezonetu + 1 osobu v j\u00eddeln\u00ed \u010d\u00e1sti. V t\u011bsn\u00e9 bl\u00edzkosti se nach\u00e1z\u00ed restaurace FARA, kter\u00e1 navazuje na apartm\u00e1nov\u00fd d\u016fm.<\/p>\n","protected":false},"excerpt":{"rendered":"<p>V\u00edtejte na internetov\u00fdch str\u00e1nk\u00e1ch Apartma FARA. P\u0159ije\u010fte si odpo\u010dinout a str\u00e1vit svou dovolenou v kr\u00e1sn\u00e9m ubytov\u00e1n\u00ed v srdci Jesen\u00edk\u016f. Nev\u00e1hejte a rezervujte si sv\u016fj pobyt.&nbsp; NOVINKA: m\u00e1me pro v\u00e1s promo k\u00f3d na slevu p\u0159i zakoupen\u00ed skipasu v are\u00e1lu Kouty Nach\u00e1z\u00edte<\/p>\n","protected":false},"author":1,"featured_media":151,"parent":0,"menu_order":0,"comment_status":"closed","ping_status":"closed","template":"","meta":{"ngg_post_thumbnail":0,"footnotes":""},"class_list":["post-1008","page","type-page","status-publish","has-post-thumbnail","hentry"],"_links":{"self":[{"href":"https:\/\/www.apartmaloucna.cz\/index.php\/wp-json\/wp\/v2\/pages\/1008","targetHints":{"allow":["GET"]}}],"collection":[{"href":"https:\/\/www.apartmaloucna.cz\/index.php\/wp-json\/wp\/v2\/pages"}],"about":[{"href":"https:\/\/www.apartmaloucna.cz\/index.php\/wp-json\/wp\/v2\/types\/page"}],"author":[{"embeddable":true,"href":"https:\/\/www.apartmaloucna.cz\/index.php\/wp-json\/wp\/v2\/users\/1"}],"replies":[{"embeddable":true,"href":"https:\/\/www.apartmaloucna.cz\/index.php\/wp-json\/wp\/v2\/comments?post=1008"}],"version-history":[{"count":1,"href":"https:\/\/www.apartmaloucna.cz\/index.php\/wp-json\/wp\/v2\/pages\/1008\/revisions"}],"predecessor-version":[{"id":1009,"href":"https:\/\/www.apartmaloucna.cz\/index.php\/wp-json\/wp\/v2\/pages\/1008\/revisions\/1009"}],"wp:featuredmedia":[{"embeddable":true,"href":"https:\/\/www.apartmaloucna.cz\/index.php\/wp-json\/wp\/v2\/media\/151"}],"wp:attachment":[{"href":"https:\/\/www.apartmaloucna.cz\/index.php\/wp-json\/wp\/v2\/media?parent=1008"}],"curies":[{"name":"wp","href":"https:\/\/api.w.org\/{rel}","templated":true}]}}