{"id":409,"date":"2018-11-24T10:52:46","date_gmt":"2018-11-24T10:52:46","guid":{"rendered":"http:\/\/www.apartmaloucna.cz\/?page_id=409"},"modified":"2018-11-25T10:45:10","modified_gmt":"2018-11-25T10:45:10","slug":"zajimavosti","status":"publish","type":"page","link":"https:\/\/www.apartmaloucna.cz\/index.php\/zajimavosti\/","title":{"rendered":"Zaj\u00edmavosti"},"content":{"rendered":"\n<figure class=\"wp-block-image\"><img loading=\"lazy\" decoding=\"async\" width=\"1736\" height=\"565\" src=\"https:\/\/www.apartmaloucna.cz\/wp-content\/uploads\/2018\/11\/pohled-z-Prad\u011bdu.jpg\" alt=\"\" class=\"wp-image-435\" srcset=\"https:\/\/www.apartmaloucna.cz\/wp-content\/uploads\/2018\/11\/pohled-z-Prad\u011bdu.jpg 1736w, https:\/\/www.apartmaloucna.cz\/wp-content\/uploads\/2018\/11\/pohled-z-Prad\u011bdu-300x98.jpg 300w, https:\/\/www.apartmaloucna.cz\/wp-content\/uploads\/2018\/11\/pohled-z-Prad\u011bdu-768x250.jpg 768w, https:\/\/www.apartmaloucna.cz\/wp-content\/uploads\/2018\/11\/pohled-z-Prad\u011bdu-1024x333.jpg 1024w\" sizes=\"auto, (max-width: 1736px) 100vw, 1736px\" \/><\/figure>\n\n\n\n<ul class=\"wp-block-list\"><li><a href=\"http:\/\/www.ceskatelevize.cz\/porady\/1024681598-deset-stoleti-architektury\/298323230620094-velke-losiny-zamek\/\" target=\"_blank\" rel=\"noreferrer noopener\"><strong>O z\u00e1mku ve Velk\u00fdch Losin\u00e1ch<\/strong><\/a><\/li><li><strong><a href=\"http:\/\/www.ceskatelevize.cz\/ct24\/exkluzivne-na-ct24\/historie-cs\/136863-kladivo-na-carodejnice\/\" target=\"_blank\" rel=\"noreferrer noopener\">\u010carod\u011bjnick\u00e9 procesy ve Velk\u00fdch Losin\u00e1ch<\/a><\/strong><\/li><li><a href=\"http:\/\/www.ceskatelevize.cz\/ivysilani\/1098528273-krestansky-magazin\/413236100121005?index[]=262408&amp;x=49&amp;y=17\" target=\"_blank\" rel=\"noreferrer noopener\"><strong>D\u0159ev\u011bn\u00fd kostel sv.&nbsp;Martina v&nbsp;\u017d\u00e1rov\u00e9<\/strong><\/a><\/li><li><a href=\"http:\/\/www.ceskatelevize.cz\/porady\/1097944695-nas-venkov\/412235100041008-pekarovsky-kostelicek\/\" target=\"_blank\" rel=\"noreferrer noopener\"><strong>Peka\u0159ovsk\u00fd kostel\u00ed\u010dek<\/strong><\/a><\/li><\/ul>\n\n\n\n<p>A mnoho dal\u0161\u00edho <a aria-label=\"A mnoho dal\u0161\u00edho zde&nbsp; (opens in a new tab)\" href=\"https:\/\/www.apartmaloucna.cz\/index.php\/turistika-a-kultura-v-okoli\/\" target=\"_blank\" rel=\"noreferrer noopener\">zde&nbsp;<\/a><\/p>\n","protected":false},"excerpt":{"rendered":"<p>O z\u00e1mku ve Velk\u00fdch Losin\u00e1ch \u010carod\u011bjnick\u00e9 procesy ve Velk\u00fdch Losin\u00e1ch D\u0159ev\u011bn\u00fd kostel sv.&nbsp;Martina v&nbsp;\u017d\u00e1rov\u00e9 Peka\u0159ovsk\u00fd kostel\u00ed\u010dek A mnoho dal\u0161\u00edho zde&nbsp;<\/p>\n","protected":false},"author":1,"featured_media":0,"parent":0,"menu_order":0,"comment_status":"closed","ping_status":"closed","template":"","meta":{"ngg_post_thumbnail":0,"footnotes":""},"class_list":["post-409","page","type-page","status-publish","hentry"],"_links":{"self":[{"href":"https:\/\/www.apartmaloucna.cz\/index.php\/wp-json\/wp\/v2\/pages\/409","targetHints":{"allow":["GET"]}}],"collection":[{"href":"https:\/\/www.apartmaloucna.cz\/index.php\/wp-json\/wp\/v2\/pages"}],"about":[{"href":"https:\/\/www.apartmaloucna.cz\/index.php\/wp-json\/wp\/v2\/types\/page"}],"author":[{"embeddable":true,"href":"https:\/\/www.apartmaloucna.cz\/index.php\/wp-json\/wp\/v2\/users\/1"}],"replies":[{"embeddable":true,"href":"https:\/\/www.apartmaloucna.cz\/index.php\/wp-json\/wp\/v2\/comments?post=409"}],"version-history":[{"count":9,"href":"https:\/\/www.apartmaloucna.cz\/index.php\/wp-json\/wp\/v2\/pages\/409\/revisions"}],"predecessor-version":[{"id":456,"href":"https:\/\/www.apartmaloucna.cz\/index.php\/wp-json\/wp\/v2\/pages\/409\/revisions\/456"}],"wp:attachment":[{"href":"https:\/\/www.apartmaloucna.cz\/index.php\/wp-json\/wp\/v2\/media?parent=409"}],"curies":[{"name":"wp","href":"https:\/\/api.w.org\/{rel}","templated":true}]}}