{"id":437,"date":"2018-11-25T09:41:13","date_gmt":"2018-11-25T09:41:13","guid":{"rendered":"http:\/\/www.apartmaloucna.cz\/?page_id=437"},"modified":"2018-11-25T10:08:30","modified_gmt":"2018-11-25T10:08:30","slug":"turistika-a-kultura-v-okoli","status":"publish","type":"page","link":"https:\/\/www.apartmaloucna.cz\/index.php\/turistika-a-kultura-v-okoli\/","title":{"rendered":"Turistika a kultura v okol\u00ed"},"content":{"rendered":"\n<figure class=\"wp-block-image\"><img loading=\"lazy\" decoding=\"async\" width=\"1232\" height=\"430\" src=\"https:\/\/www.apartmaloucna.cz\/wp-content\/uploads\/2018\/11\/Pap\u00edrna.jpg\" alt=\"\" class=\"wp-image-449\" srcset=\"https:\/\/www.apartmaloucna.cz\/wp-content\/uploads\/2018\/11\/Pap\u00edrna.jpg 1232w, https:\/\/www.apartmaloucna.cz\/wp-content\/uploads\/2018\/11\/Pap\u00edrna-300x105.jpg 300w, https:\/\/www.apartmaloucna.cz\/wp-content\/uploads\/2018\/11\/Pap\u00edrna-768x268.jpg 768w, https:\/\/www.apartmaloucna.cz\/wp-content\/uploads\/2018\/11\/Pap\u00edrna-1024x357.jpg 1024w\" sizes=\"auto, (max-width: 1232px) 100vw, 1232px\" \/><\/figure>\n\n\n\n<h2 class=\"wp-block-heading\">Z\u0159\u00edceniny, hrady a z\u00e1mky &nbsp; &nbsp;<\/h2>\n\n\n\n<ul class=\"wp-block-list\"><li><strong><a href=\"http:\/\/www.loucna-nad-desnou.cz\/792-zamek-a-kaple-v-loucne-nad-desnou\" target=\"_blank\" rel=\"noreferrer noopener\">Z\u00e1mek,&nbsp;z\u00e1meck\u00fd&nbsp;park&nbsp;a&nbsp;kaple&nbsp;v&nbsp;Lou\u010dn\u00e9&nbsp;nad&nbsp;Desnou<\/a><\/strong><\/li><li><strong><a href=\"http:\/\/www.novyhrad.cz\/\" target=\"_blank\" rel=\"noreferrer noopener\">Nov\u00fd hrad&nbsp;<\/a><\/strong><\/li><li><strong><a href=\"http:\/\/www.jeseniky.net\/index.php?obl=1..&amp;kat=11&amp;sluz=48&amp;pol=620\" target=\"_blank\" rel=\"noreferrer noopener\">Kol\u0161tejn<\/a><\/strong><\/li><\/ul>\n\n\n\n<h2 class=\"wp-block-heading\">Muzea &nbsp; &nbsp;&nbsp;<\/h2>\n\n\n\n<ul class=\"wp-block-list\"><li><strong><a href=\"http:\/\/www.rucnipapirna.cz\/cz\/muzeum-papiru\/\" target=\"_blank\" rel=\"noreferrer noopener\">Muzeum pap\u00edru Velk\u00e9 Losiny<\/a><\/strong><\/li><li><strong><a href=\"http:\/\/www.muzeum-sumperk.cz\/\" target=\"_blank\" rel=\"noreferrer noopener\">Vlastiv\u011bdn\u00e9 muzeum \u0160umperk<\/a><\/strong><\/li><li><strong><a href=\"http:\/\/www.skanzen-rapotin.unas.cz\/\" target=\"_blank\" rel=\"noreferrer noopener\">Veter\u00e1n muzeum U Havl\u00ed\u010dk\u016f<\/a><\/strong><\/li><li><strong><a href=\"http:\/\/www.opevneni-stm.cz\/\" target=\"_blank\" rel=\"noreferrer noopener\">Vojensk\u00e9 muzeum a opevn\u011bn\u00ed na Starom\u011bstsku<\/a><\/strong><\/li><li><strong><a href=\"http:\/\/www.armyfort.com\/\" target=\"_blank\" rel=\"noreferrer noopener\">Vojensk\u00e9 muzeum Kr\u00e1liky<\/a><\/strong><\/li><li><strong><a href=\"http:\/\/www.ks5.cz\/\" target=\"_blank\" rel=\"noreferrer noopener\">P\u011bchotn\u00ed srub U potoka<\/a><\/strong><\/li><\/ul>\n\n\n\n<h2 class=\"wp-block-heading\"><a href=\"http:\/\/www.farnostlosiny.cz\/?page_id=3774\" target=\"_blank\" rel=\"noreferrer noopener\">Poutn\u00ed m\u00edsta<\/a><\/h2>\n\n\n\n<figure class=\"wp-block-image is-resized\"><a href=\"http:\/\/www.farnostlosiny.cz\/?page_id=3774\" target=\"_blank\" rel=\"noreferrer noopener\"><img loading=\"lazy\" decoding=\"async\" src=\"http:\/\/www.farnostlosiny.cz\/wp-content\/uploads\/2013\/12\/Flaticon_8774-100x100.png\" alt=\"Flaticon_8774\" class=\"wp-image-3547\" width=\"100\" height=\"100\"\/><\/a><\/figure>\n\n\n\n<h2 class=\"wp-block-heading\">Kultura<\/h2>\n\n\n\n<ul class=\"wp-block-list\"><li><strong><a href=\"http:\/\/www.divadlosumperk.cz\/\" target=\"_blank\" rel=\"noreferrer noopener\">Divadlo \u0160umperk&nbsp;<\/a><\/strong><\/li><li><strong><a href=\"http:\/\/www.disco1.cz\/\" target=\"_blank\" rel=\"noreferrer noopener\">Disco 1<\/a><\/strong><\/li><li><strong><a href=\"http:\/\/www.dksumperk.cz\/\" target=\"_blank\" rel=\"noreferrer noopener\">D\u016fm kultury \u0160umperk<\/a><\/strong><\/li><li><strong><a href=\"http:\/\/www.kinosumperk.cz\/\" target=\"_blank\" rel=\"noreferrer noopener\">Kino \u0160umperk<\/a><\/strong><\/li><\/ul>\n\n\n\n<h2 class=\"wp-block-heading\"><strong><a href=\"http:\/\/www.dlouhe-strane.cz\/\" target=\"_blank\" rel=\"noreferrer noopener\">P\u0159e\u010derp\u00e1vac\u00ed vodn\u00ed elektr\u00e1rna Dlouh\u00e9 Str\u00e1n\u011b<\/a><\/strong><\/h2>\n\n\n\n<figure class=\"wp-block-image is-resized\"><a href=\"http:\/\/www.dlouhe-strane.cz\/\" target=\"_blank\" rel=\"noreferrer noopener\"><img loading=\"lazy\" decoding=\"async\" src=\"http:\/\/www.farnostlosiny.cz\/wp-content\/uploads\/2013\/12\/Flaticon_28369-125x125.png\" alt=\"\" class=\"wp-image-3704\" width=\"108\" height=\"108\"\/><\/a><\/figure>\n\n\n\n<h2 class=\"wp-block-heading\"><strong>Wellness<\/strong><\/h2>\n\n\n\n<figure class=\"wp-block-image is-resized\"><img loading=\"lazy\" decoding=\"async\" src=\"http:\/\/www.farnostlosiny.cz\/wp-content\/uploads\/2013\/12\/Flaticon_16517-125x125.png\" alt=\"Flaticon_16517\" class=\"wp-image-3700\" width=\"106\" height=\"106\"\/><\/figure>\n\n\n\n<ul class=\"wp-block-list\"><li><strong><a href=\"http:\/\/www.diana-losiny.cz\/\" target=\"_blank\" rel=\"noreferrer noopener\">Hotel Diana Velk\u00e9 Losiny<\/a><\/strong><\/li><li><strong><a href=\"http:\/\/www.relaxkolstejn.cz\/\" target=\"_blank\" rel=\"noreferrer noopener\">Hotel Kol\u0161tejn<\/a><\/strong><\/li><\/ul>\n\n\n\n<h2 class=\"wp-block-heading\"><strong><a aria-label=\"Pivovar a pivovarsk\u00e9 muzeum Hanu\u0161ovice (opens in a new tab)\" href=\"http:\/\/www.pivovarskemuzeum.cz\/\" target=\"_blank\" rel=\"noreferrer noopener\">Pivovar a pivovarsk\u00e9 muzeum Hanu\u0161ovice<\/a><\/strong><\/h2>\n\n\n\n<figure class=\"wp-block-image is-resized\"><a href=\"http:\/\/www.pivovarskemuzeum.cz\/\" target=\"_blank\" rel=\"noreferrer noopener\"><img loading=\"lazy\" decoding=\"async\" src=\"http:\/\/www.farnostlosiny.cz\/wp-content\/uploads\/2013\/12\/Flaticon_947-125x125.png\" alt=\"\" class=\"wp-image-3701\" width=\"109\" height=\"109\"\/><\/a><\/figure>\n\n\n\n<h2 class=\"wp-block-heading\"><a href=\"http:\/\/www.loucna-nad-desnou.cz\/o\/detske-hriste-kocianov-loucna-nad-desnou\" target=\"_blank\" rel=\"noreferrer noopener\">D\u011btsk\u00e9 h\u0159i\u0161t\u011b Koci\u00e1nov Lou\u010dn\u00e1<\/a><\/h2>\n\n\n\n<figure class=\"wp-block-image is-resized\"><a href=\"http:\/\/www.loucna-nad-desnou.cz\/o\/detske-hriste-kocianov-loucna-nad-desnou\" target=\"_blank\" rel=\"noreferrer noopener\"><img loading=\"lazy\" decoding=\"async\" src=\"http:\/\/www.farnostlosiny.cz\/wp-content\/uploads\/2013\/12\/Flaticon_10513-125x125.png\" alt=\"\" class=\"wp-image-3702\" width=\"114\" height=\"114\"\/><\/a><\/figure>\n\n\n\n<h2 class=\"wp-block-heading\"><a href=\"http:\/\/www.aeroklub-sumperk.cz\/content\/view\/456\/132\/\" target=\"_blank\" rel=\"noreferrer noopener\">Vyhl\u00eddkov\u00e9 lety<\/a><\/h2>\n\n\n\n<figure class=\"wp-block-image is-resized\"><a href=\"http:\/\/www.aeroklub-sumperk.cz\/content\/view\/456\/132\/\" target=\"_blank\" rel=\"noreferrer noopener\"><img loading=\"lazy\" decoding=\"async\" src=\"http:\/\/www.farnostlosiny.cz\/wp-content\/uploads\/2013\/12\/Flaticon_21339-125x125.png\" alt=\"\" class=\"wp-image-3703\" width=\"106\" height=\"106\"\/><\/a><\/figure>\n\n\n\n<p><strong>*Icon made by author from Flaticon.com<\/strong><\/p>\n\n\n\n<p><strong>Dal\u0161\u00ed odkazy:&nbsp;<\/strong><\/p>\n\n\n\n<p><a href=\"http:\/\/www.navstivtejeseniky.cz\/\" target=\"_blank\" rel=\"noreferrer noopener\">www.navstivtejeseniky.cz<\/a>&nbsp;<\/p>\n\n\n\n<p><a href=\"http:\/\/www.znatemapu.cz\/\" target=\"_blank\" rel=\"noreferrer noopener\">www.znatemapu.cz<\/a><\/p>\n\n\n\n<p><a aria-label=\"www.ejeseniky.com (opens in a new tab)\" href=\"http:\/\/www.ejeseniky.com\/\" target=\"_blank\" rel=\"noreferrer noopener\">www.ejeseniky.com<\/a><\/p>\n\n\n\n<p><a href=\"http:\/\/www.loucna-nad-desnou.cz\/\" target=\"_blank\" rel=\"noreferrer noopener\">www.loucna-nad-desnou.cz<\/a><\/p>\n","protected":false},"excerpt":{"rendered":"<p>Z\u0159\u00edceniny, hrady a z\u00e1mky &nbsp; &nbsp; Z\u00e1mek,&nbsp;z\u00e1meck\u00fd&nbsp;park&nbsp;a&nbsp;kaple&nbsp;v&nbsp;Lou\u010dn\u00e9&nbsp;nad&nbsp;Desnou Nov\u00fd hrad&nbsp; Kol\u0161tejn Muzea &nbsp; &nbsp;&nbsp; Muzeum pap\u00edru Velk\u00e9 Losiny Vlastiv\u011bdn\u00e9 muzeum \u0160umperk Veter\u00e1n muzeum U Havl\u00ed\u010dk\u016f Vojensk\u00e9 muzeum a opevn\u011bn\u00ed na Starom\u011bstsku Vojensk\u00e9 muzeum Kr\u00e1liky P\u011bchotn\u00ed srub U potoka Poutn\u00ed m\u00edsta Kultura<\/p>\n","protected":false},"author":1,"featured_media":0,"parent":0,"menu_order":0,"comment_status":"closed","ping_status":"closed","template":"","meta":{"ngg_post_thumbnail":0,"footnotes":""},"class_list":["post-437","page","type-page","status-publish","hentry"],"_links":{"self":[{"href":"https:\/\/www.apartmaloucna.cz\/index.php\/wp-json\/wp\/v2\/pages\/437","targetHints":{"allow":["GET"]}}],"collection":[{"href":"https:\/\/www.apartmaloucna.cz\/index.php\/wp-json\/wp\/v2\/pages"}],"about":[{"href":"https:\/\/www.apartmaloucna.cz\/index.php\/wp-json\/wp\/v2\/types\/page"}],"author":[{"embeddable":true,"href":"https:\/\/www.apartmaloucna.cz\/index.php\/wp-json\/wp\/v2\/users\/1"}],"replies":[{"embeddable":true,"href":"https:\/\/www.apartmaloucna.cz\/index.php\/wp-json\/wp\/v2\/comments?post=437"}],"version-history":[{"count":13,"href":"https:\/\/www.apartmaloucna.cz\/index.php\/wp-json\/wp\/v2\/pages\/437\/revisions"}],"predecessor-version":[{"id":452,"href":"https:\/\/www.apartmaloucna.cz\/index.php\/wp-json\/wp\/v2\/pages\/437\/revisions\/452"}],"wp:attachment":[{"href":"https:\/\/www.apartmaloucna.cz\/index.php\/wp-json\/wp\/v2\/media?parent=437"}],"curies":[{"name":"wp","href":"https:\/\/api.w.org\/{rel}","templated":true}]}}