{"id":70,"date":"2018-11-11T12:42:38","date_gmt":"2018-11-11T12:42:38","guid":{"rendered":"http:\/\/www.apartmaloucna.cz\/?page_id=70"},"modified":"2026-02-23T21:27:06","modified_gmt":"2026-02-23T21:27:06","slug":"ubytovani","status":"publish","type":"page","link":"https:\/\/www.apartmaloucna.cz\/index.php\/ubytovani\/","title":{"rendered":"Ubytov\u00e1n\u00ed"},"content":{"rendered":"\r\n<h2 data-section-id=\"i62z0x\" data-start=\"213\" data-end=\"231\">Popis ubytov\u00e1n\u00ed<\/h2>\r\n<p data-start=\"233\" data-end=\"432\">Nab\u00edz\u00edme komfortn\u00ed rekrea\u010dn\u00ed ubytov\u00e1n\u00ed v klidn\u00e9 \u010d\u00e1sti Lou\u010dn\u00e9 nad Desnou, v srdci Jesen\u00edk\u016f. Apartm\u00e1n je ide\u00e1ln\u00ed pro p\u00e1ry i rodiny s d\u011btmi a poskytuje pohodln\u00e9 z\u00e1zem\u00ed pro odpo\u010dinek i aktivn\u00ed dovolenou.<\/p>\r\n<p data-start=\"434\" data-end=\"585\">Podkrovn\u00ed mezonetov\u00fd apartm\u00e1n 1+kk nab\u00edz\u00ed dv\u011b man\u017eelsk\u00e9 postele pro 4 dosp\u011bl\u00e9 osoby a dal\u0161\u00ed dopl\u0148kov\u00e9 l\u016f\u017eko v j\u00eddeln\u00ed \u010d\u00e1sti. Sou\u010d\u00e1st\u00ed je koupelna s WC.<\/p>\r\n<p data-start=\"587\" data-end=\"681\">V cen\u011b pobytu je lo\u017en\u00ed pr\u00e1dlo, ru\u010dn\u00edky, WiFi, smart TV, z\u00e1v\u011bre\u010dn\u00fd \u00faklid i parkov\u00e1n\u00ed u objektu.<\/p>\r\n<p data-start=\"683\" data-end=\"763\">P\u0159i ubytov\u00e1n\u00ed obdr\u017e\u00edte promo k\u00f3d na zv\u00fdhodn\u011bn\u00fd dvoudenn\u00ed skipas do are\u00e1lu Kouty.<\/p>\r\n<hr data-start=\"765\" data-end=\"768\">\r\n<h2 data-section-id=\"19tjr9s\" data-start=\"770\" data-end=\"779\">Poloha<\/h2>\r\n<p data-start=\"781\" data-end=\"910\">Centrum obce Lou\u010dn\u00e1 nad Desnou.<br data-start=\"812\" data-end=\"815\">Autobus 150 m, vlak 300 m.<br data-start=\"841\" data-end=\"844\">Ly\u017eov\u00e1n\u00ed, turistika, term\u00e1ly i historick\u00e9 pam\u00e1tky v bl\u00edzk\u00e9m okol\u00ed.<\/p>\r\n<hr data-start=\"912\" data-end=\"915\">\r\n<h2 data-section-id=\"1kzj5g9\" data-start=\"917\" data-end=\"928\">Vybaven\u00ed<\/h2>\r\n<p data-start=\"930\" data-end=\"1043\">Pln\u011b vybaven\u00e1 kuchyn\u011b, induk\u010dn\u00ed deska, mikrovlnn\u00e1 trouba, lednice, WiFi, smart TV, \u00falo\u017en\u00fd prostor na ly\u017ee a kola.<\/p>\r\n\r\n\r\n\r\n<h2 class=\"wp-block-heading\">Fotogalerie:<\/h2>\r\n\r\n\r\n\r\n<p>&nbsp;<\/p>\r\n\r\n\r\n\r\n<ul class=\"wp-block-gallery columns-3 is-cropped wp-block-gallery-1 is-layout-flex wp-block-gallery-is-layout-flex\">\r\n<li class=\"blocks-gallery-item\">\r\n<figure><img loading=\"lazy\" decoding=\"async\" class=\"alignleft wp-image-609 size-large\" src=\"https:\/\/www.apartmaloucna.cz\/wp-content\/uploads\/2019\/02\/DSC_0118-1024x683.jpg\" alt=\"\" width=\"750\" height=\"500\" data-id=\"609\" data-link=\"https:\/\/www.apartmaloucna.cz\/index.php\/ubytovani\/dsc_0118\/\" srcset=\"https:\/\/www.apartmaloucna.cz\/wp-content\/uploads\/2019\/02\/DSC_0118-1024x683.jpg 1024w, https:\/\/www.apartmaloucna.cz\/wp-content\/uploads\/2019\/02\/DSC_0118-300x200.jpg 300w, https:\/\/www.apartmaloucna.cz\/wp-content\/uploads\/2019\/02\/DSC_0118-768x512.jpg 768w\" sizes=\"auto, (max-width: 750px) 100vw, 750px\" \/><\/figure>\r\n<\/li>\r\n<li class=\"blocks-gallery-item\">\r\n<figure><img loading=\"lazy\" decoding=\"async\" class=\"alignleft wp-image-611 size-large\" src=\"https:\/\/www.apartmaloucna.cz\/wp-content\/uploads\/2019\/02\/DSC_0121-1024x683.jpg\" alt=\"\" width=\"750\" height=\"500\" data-id=\"611\" data-link=\"https:\/\/www.apartmaloucna.cz\/index.php\/ubytovani\/dsc_0121\/\" srcset=\"https:\/\/www.apartmaloucna.cz\/wp-content\/uploads\/2019\/02\/DSC_0121-1024x683.jpg 1024w, https:\/\/www.apartmaloucna.cz\/wp-content\/uploads\/2019\/02\/DSC_0121-300x200.jpg 300w, https:\/\/www.apartmaloucna.cz\/wp-content\/uploads\/2019\/02\/DSC_0121-768x512.jpg 768w\" sizes=\"auto, (max-width: 750px) 100vw, 750px\" \/><\/figure>\r\n<\/li>\r\n<li class=\"blocks-gallery-item\">\r\n<figure><img loading=\"lazy\" decoding=\"async\" class=\"alignleft wp-image-619 size-large\" src=\"https:\/\/www.apartmaloucna.cz\/wp-content\/uploads\/2019\/02\/DSC_0137-1024x683.jpg\" alt=\"\" width=\"750\" height=\"500\" data-id=\"619\" data-link=\"https:\/\/www.apartmaloucna.cz\/index.php\/ubytovani\/dsc_0137\/\" srcset=\"https:\/\/www.apartmaloucna.cz\/wp-content\/uploads\/2019\/02\/DSC_0137-1024x683.jpg 1024w, https:\/\/www.apartmaloucna.cz\/wp-content\/uploads\/2019\/02\/DSC_0137-300x200.jpg 300w, https:\/\/www.apartmaloucna.cz\/wp-content\/uploads\/2019\/02\/DSC_0137-768x512.jpg 768w\" sizes=\"auto, (max-width: 750px) 100vw, 750px\" \/><\/figure>\r\n<\/li>\r\n<li class=\"blocks-gallery-item\">\r\n<figure><img loading=\"lazy\" decoding=\"async\" class=\"alignleft wp-image-617 size-large\" src=\"https:\/\/www.apartmaloucna.cz\/wp-content\/uploads\/2019\/02\/DSC_0134-1024x683.jpg\" alt=\"\" width=\"750\" height=\"500\" data-id=\"617\" data-link=\"https:\/\/www.apartmaloucna.cz\/index.php\/ubytovani\/dsc_0134\/\" srcset=\"https:\/\/www.apartmaloucna.cz\/wp-content\/uploads\/2019\/02\/DSC_0134-1024x683.jpg 1024w, https:\/\/www.apartmaloucna.cz\/wp-content\/uploads\/2019\/02\/DSC_0134-300x200.jpg 300w, https:\/\/www.apartmaloucna.cz\/wp-content\/uploads\/2019\/02\/DSC_0134-768x512.jpg 768w\" sizes=\"auto, (max-width: 750px) 100vw, 750px\" \/><img loading=\"lazy\" decoding=\"async\" class=\"alignleft wp-image-776 size-large\" src=\"https:\/\/www.apartmaloucna.cz\/wp-content\/uploads\/2020\/05\/DSC_0412-1024x683.jpg\" alt=\"\" width=\"750\" height=\"500\"><\/figure>\r\n<\/li>\r\n<li class=\"blocks-gallery-item\">\r\n<figure><img loading=\"lazy\" decoding=\"async\" class=\"alignleft wp-image-620 size-large\" src=\"https:\/\/www.apartmaloucna.cz\/wp-content\/uploads\/2019\/02\/DSC_0138-1024x683.jpg\" alt=\"\" width=\"750\" height=\"500\" data-id=\"620\" data-link=\"https:\/\/www.apartmaloucna.cz\/index.php\/ubytovani\/dsc_0138\/\" srcset=\"https:\/\/www.apartmaloucna.cz\/wp-content\/uploads\/2019\/02\/DSC_0138-1024x683.jpg 1024w, https:\/\/www.apartmaloucna.cz\/wp-content\/uploads\/2019\/02\/DSC_0138-300x200.jpg 300w, https:\/\/www.apartmaloucna.cz\/wp-content\/uploads\/2019\/02\/DSC_0138-768x512.jpg 768w\" sizes=\"auto, (max-width: 750px) 100vw, 750px\" \/><\/figure>\r\n<\/li>\r\n<li class=\"blocks-gallery-item\">\r\n<figure><img loading=\"lazy\" decoding=\"async\" class=\"alignleft wp-image-660 size-large\" src=\"https:\/\/www.apartmaloucna.cz\/wp-content\/uploads\/2019\/02\/DSC_0165-kopie-1024x683.jpg\" alt=\"\" width=\"750\" height=\"500\" data-id=\"660\" data-link=\"https:\/\/www.apartmaloucna.cz\/index.php\/ubytovani\/dsc_0165-kopie\/\" srcset=\"https:\/\/www.apartmaloucna.cz\/wp-content\/uploads\/2019\/02\/DSC_0165-kopie-1024x683.jpg 1024w, https:\/\/www.apartmaloucna.cz\/wp-content\/uploads\/2019\/02\/DSC_0165-kopie-300x200.jpg 300w, https:\/\/www.apartmaloucna.cz\/wp-content\/uploads\/2019\/02\/DSC_0165-kopie-768x512.jpg 768w\" sizes=\"auto, (max-width: 750px) 100vw, 750px\" \/><\/figure>\r\n<\/li>\r\n<\/ul>\r\n<p>&nbsp;<\/p>\r\n<ul class=\"wp-block-gallery columns-3 is-cropped\">\r\n<li class=\"blocks-gallery-item\">\r\n<figure><img loading=\"lazy\" decoding=\"async\" class=\"alignleft wp-image-615 size-full\" src=\"https:\/\/www.apartmaloucna.cz\/wp-content\/uploads\/2019\/02\/DSC_0130.jpg\" alt=\"\" width=\"6000\" height=\"4000\" data-id=\"615\" data-link=\"https:\/\/www.apartmaloucna.cz\/index.php\/ubytovani\/dsc_0130\/\" srcset=\"https:\/\/www.apartmaloucna.cz\/wp-content\/uploads\/2019\/02\/DSC_0130.jpg 6000w, https:\/\/www.apartmaloucna.cz\/wp-content\/uploads\/2019\/02\/DSC_0130-300x200.jpg 300w, https:\/\/www.apartmaloucna.cz\/wp-content\/uploads\/2019\/02\/DSC_0130-768x512.jpg 768w, https:\/\/www.apartmaloucna.cz\/wp-content\/uploads\/2019\/02\/DSC_0130-1024x683.jpg 1024w\" sizes=\"auto, (max-width: 6000px) 100vw, 6000px\" \/><\/figure>\r\n<\/li>\r\n<li class=\"blocks-gallery-item\">\r\n<figure><img loading=\"lazy\" decoding=\"async\" class=\"alignleft wp-image-628 size-large\" src=\"https:\/\/www.apartmaloucna.cz\/wp-content\/uploads\/2019\/02\/DSC_0161-1024x683.jpg\" alt=\"\" width=\"750\" height=\"500\" data-id=\"628\" data-link=\"https:\/\/www.apartmaloucna.cz\/index.php\/ubytovani\/dsc_0161\/\" srcset=\"https:\/\/www.apartmaloucna.cz\/wp-content\/uploads\/2019\/02\/DSC_0161-1024x683.jpg 1024w, https:\/\/www.apartmaloucna.cz\/wp-content\/uploads\/2019\/02\/DSC_0161-300x200.jpg 300w, https:\/\/www.apartmaloucna.cz\/wp-content\/uploads\/2019\/02\/DSC_0161-768x512.jpg 768w\" sizes=\"auto, (max-width: 750px) 100vw, 750px\" \/><\/figure>\r\n<\/li>\r\n<li class=\"blocks-gallery-item\">\r\n<figure><img loading=\"lazy\" decoding=\"async\" class=\"alignleft wp-image-625 \" src=\"https:\/\/www.apartmaloucna.cz\/wp-content\/uploads\/2019\/02\/DSC_0160-kopie-1024x683.jpg\" alt=\"\" width=\"735\" height=\"491\" data-id=\"625\" data-link=\"https:\/\/www.apartmaloucna.cz\/index.php\/ubytovani\/dsc_0160-kopie\/\" srcset=\"https:\/\/www.apartmaloucna.cz\/wp-content\/uploads\/2019\/02\/DSC_0160-kopie-1024x683.jpg 1024w, https:\/\/www.apartmaloucna.cz\/wp-content\/uploads\/2019\/02\/DSC_0160-kopie-300x200.jpg 300w, https:\/\/www.apartmaloucna.cz\/wp-content\/uploads\/2019\/02\/DSC_0160-kopie-768x512.jpg 768w\" sizes=\"auto, (max-width: 735px) 100vw, 735px\" \/><\/figure>\r\n<\/li>\r\n<li class=\"blocks-gallery-item\">\r\n<figure><img loading=\"lazy\" decoding=\"async\" class=\"alignleft wp-image-662 \" src=\"https:\/\/www.apartmaloucna.cz\/wp-content\/uploads\/2019\/02\/DSC_0167-kopie-e1550409088560-683x1024.jpg\" alt=\"\" width=\"736\" height=\"1103\" data-id=\"662\" data-link=\"https:\/\/www.apartmaloucna.cz\/index.php\/ubytovani\/dsc_0167-kopie\/\" srcset=\"https:\/\/www.apartmaloucna.cz\/wp-content\/uploads\/2019\/02\/DSC_0167-kopie-e1550409088560-683x1024.jpg 683w, https:\/\/www.apartmaloucna.cz\/wp-content\/uploads\/2019\/02\/DSC_0167-kopie-e1550409088560-200x300.jpg 200w, https:\/\/www.apartmaloucna.cz\/wp-content\/uploads\/2019\/02\/DSC_0167-kopie-e1550409088560-768x1152.jpg 768w\" sizes=\"auto, (max-width: 736px) 100vw, 736px\" \/><\/figure>\r\n<\/li>\r\n<li class=\"blocks-gallery-item\">\r\n<figure><img loading=\"lazy\" decoding=\"async\" class=\"alignleft wp-image-661 \" src=\"https:\/\/www.apartmaloucna.cz\/wp-content\/uploads\/2019\/02\/DSC_0166-kopie-e1550409176219-683x1024.jpg\" alt=\"\" width=\"739\" height=\"1108\" data-id=\"661\" data-link=\"https:\/\/www.apartmaloucna.cz\/index.php\/ubytovani\/dsc_0166-kopie\/\" srcset=\"https:\/\/www.apartmaloucna.cz\/wp-content\/uploads\/2019\/02\/DSC_0166-kopie-e1550409176219-683x1024.jpg 683w, https:\/\/www.apartmaloucna.cz\/wp-content\/uploads\/2019\/02\/DSC_0166-kopie-e1550409176219-200x300.jpg 200w, https:\/\/www.apartmaloucna.cz\/wp-content\/uploads\/2019\/02\/DSC_0166-kopie-e1550409176219-768x1152.jpg 768w\" sizes=\"auto, (max-width: 739px) 100vw, 739px\" \/><\/figure>\r\n<\/li>\r\n<li class=\"blocks-gallery-item\">\r\n<figure><img loading=\"lazy\" decoding=\"async\" class=\"alignleft wp-image-663 \" src=\"https:\/\/www.apartmaloucna.cz\/wp-content\/uploads\/2019\/02\/DSC_0169-kopie-e1550409043906-683x1024.jpg\" alt=\"\" width=\"744\" height=\"1115\" data-id=\"663\" data-link=\"https:\/\/www.apartmaloucna.cz\/index.php\/ubytovani\/dsc_0169-kopie\/\" srcset=\"https:\/\/www.apartmaloucna.cz\/wp-content\/uploads\/2019\/02\/DSC_0169-kopie-e1550409043906-683x1024.jpg 683w, https:\/\/www.apartmaloucna.cz\/wp-content\/uploads\/2019\/02\/DSC_0169-kopie-e1550409043906-200x300.jpg 200w, https:\/\/www.apartmaloucna.cz\/wp-content\/uploads\/2019\/02\/DSC_0169-kopie-e1550409043906-768x1152.jpg 768w\" sizes=\"auto, (max-width: 744px) 100vw, 744px\" \/><\/figure>\r\n<\/li>\r\n<li class=\"blocks-gallery-item\">\r\n<figure><img loading=\"lazy\" decoding=\"async\" class=\"alignleft wp-image-664 \" src=\"https:\/\/www.apartmaloucna.cz\/wp-content\/uploads\/2019\/02\/DSC_0170-e1550408994757-683x1024.jpg\" alt=\"\" width=\"745\" height=\"1117\" data-id=\"664\" data-link=\"https:\/\/www.apartmaloucna.cz\/index.php\/ubytovani\/dsc_0170\/\" srcset=\"https:\/\/www.apartmaloucna.cz\/wp-content\/uploads\/2019\/02\/DSC_0170-e1550408994757-683x1024.jpg 683w, https:\/\/www.apartmaloucna.cz\/wp-content\/uploads\/2019\/02\/DSC_0170-e1550408994757-200x300.jpg 200w, https:\/\/www.apartmaloucna.cz\/wp-content\/uploads\/2019\/02\/DSC_0170-e1550408994757-768x1152.jpg 768w\" sizes=\"auto, (max-width: 745px) 100vw, 745px\" \/><\/figure>\r\n<\/li>\r\n<li class=\"blocks-gallery-item\">\r\n<figure><img loading=\"lazy\" decoding=\"async\" class=\"alignleft wp-image-666 \" src=\"https:\/\/www.apartmaloucna.cz\/wp-content\/uploads\/2019\/02\/DSC_0177-kopie-e1550408902835-683x1024.jpg\" alt=\"\" width=\"744\" height=\"1115\" data-id=\"666\" data-link=\"https:\/\/www.apartmaloucna.cz\/index.php\/ubytovani\/dsc_0177-kopie\/\" srcset=\"https:\/\/www.apartmaloucna.cz\/wp-content\/uploads\/2019\/02\/DSC_0177-kopie-e1550408902835-683x1024.jpg 683w, https:\/\/www.apartmaloucna.cz\/wp-content\/uploads\/2019\/02\/DSC_0177-kopie-e1550408902835-200x300.jpg 200w, https:\/\/www.apartmaloucna.cz\/wp-content\/uploads\/2019\/02\/DSC_0177-kopie-e1550408902835-768x1152.jpg 768w\" sizes=\"auto, (max-width: 744px) 100vw, 744px\" \/><\/figure>\r\n<\/li>\r\n<li class=\"blocks-gallery-item\">\r\n<figure><img loading=\"lazy\" decoding=\"async\" class=\"alignleft wp-image-667 \" src=\"https:\/\/www.apartmaloucna.cz\/wp-content\/uploads\/2019\/02\/DSC_0179-kopie-e1550408846860-683x1024.jpg\" alt=\"\" width=\"747\" height=\"1120\" data-id=\"667\" data-link=\"https:\/\/www.apartmaloucna.cz\/index.php\/ubytovani\/dsc_0179-kopie\/\" srcset=\"https:\/\/www.apartmaloucna.cz\/wp-content\/uploads\/2019\/02\/DSC_0179-kopie-e1550408846860-683x1024.jpg 683w, https:\/\/www.apartmaloucna.cz\/wp-content\/uploads\/2019\/02\/DSC_0179-kopie-e1550408846860-200x300.jpg 200w, https:\/\/www.apartmaloucna.cz\/wp-content\/uploads\/2019\/02\/DSC_0179-kopie-e1550408846860-768x1152.jpg 768w\" sizes=\"auto, (max-width: 747px) 100vw, 747px\" \/><\/figure>\r\n<\/li>\r\n<li class=\"blocks-gallery-item\">\r\n<figure><img loading=\"lazy\" decoding=\"async\" class=\"alignleft wp-image-665 \" src=\"https:\/\/www.apartmaloucna.cz\/wp-content\/uploads\/2019\/02\/DSC_0174-kopie-e1550408946430-683x1024.jpg\" alt=\"\" width=\"748\" height=\"1121\" data-id=\"665\" data-link=\"https:\/\/www.apartmaloucna.cz\/index.php\/ubytovani\/dsc_0174-kopie\/\" srcset=\"https:\/\/www.apartmaloucna.cz\/wp-content\/uploads\/2019\/02\/DSC_0174-kopie-e1550408946430-683x1024.jpg 683w, https:\/\/www.apartmaloucna.cz\/wp-content\/uploads\/2019\/02\/DSC_0174-kopie-e1550408946430-200x300.jpg 200w, https:\/\/www.apartmaloucna.cz\/wp-content\/uploads\/2019\/02\/DSC_0174-kopie-e1550408946430-768x1152.jpg 768w\" sizes=\"auto, (max-width: 748px) 100vw, 748px\" \/><\/figure>\r\n<\/li>\r\n<li class=\"blocks-gallery-item\">\r\n<figure><img loading=\"lazy\" decoding=\"async\" class=\"alignleft wp-image-614 \" src=\"https:\/\/www.apartmaloucna.cz\/wp-content\/uploads\/2019\/02\/DSC_0128-e1550409373953-683x1024.jpg\" alt=\"\" width=\"750\" height=\"1124\" data-id=\"614\" data-link=\"https:\/\/www.apartmaloucna.cz\/index.php\/ubytovani\/dsc_0128\/\" srcset=\"https:\/\/www.apartmaloucna.cz\/wp-content\/uploads\/2019\/02\/DSC_0128-e1550409373953-683x1024.jpg 683w, https:\/\/www.apartmaloucna.cz\/wp-content\/uploads\/2019\/02\/DSC_0128-e1550409373953-200x300.jpg 200w, https:\/\/www.apartmaloucna.cz\/wp-content\/uploads\/2019\/02\/DSC_0128-e1550409373953-768x1152.jpg 768w\" sizes=\"auto, (max-width: 750px) 100vw, 750px\" \/><\/figure>\r\n<\/li>\r\n<li class=\"blocks-gallery-item\">\r\n<figure><img loading=\"lazy\" decoding=\"async\" class=\"alignleft wp-image-610 size-large\" src=\"https:\/\/www.apartmaloucna.cz\/wp-content\/uploads\/2019\/02\/DSC_0120-1024x683.jpg\" alt=\"\" width=\"750\" height=\"500\" data-id=\"610\" data-link=\"https:\/\/www.apartmaloucna.cz\/index.php\/ubytovani\/dsc_0120\/\" srcset=\"https:\/\/www.apartmaloucna.cz\/wp-content\/uploads\/2019\/02\/DSC_0120-1024x683.jpg 1024w, https:\/\/www.apartmaloucna.cz\/wp-content\/uploads\/2019\/02\/DSC_0120-300x200.jpg 300w, https:\/\/www.apartmaloucna.cz\/wp-content\/uploads\/2019\/02\/DSC_0120-768x512.jpg 768w\" sizes=\"auto, (max-width: 750px) 100vw, 750px\" \/><\/figure>\r\n<\/li>\r\n<li class=\"blocks-gallery-item\">\r\n<figure><img loading=\"lazy\" decoding=\"async\" class=\"alignleft wp-image-480 size-large\" src=\"https:\/\/www.apartmaloucna.cz\/wp-content\/uploads\/2018\/11\/DSC05245-1024x575.jpg\" alt=\"\" width=\"750\" height=\"421\" data-id=\"480\" data-link=\"https:\/\/www.apartmaloucna.cz\/dsc05245\/\" srcset=\"https:\/\/www.apartmaloucna.cz\/wp-content\/uploads\/2018\/11\/DSC05245-1024x575.jpg 1024w, https:\/\/www.apartmaloucna.cz\/wp-content\/uploads\/2018\/11\/DSC05245-300x169.jpg 300w, https:\/\/www.apartmaloucna.cz\/wp-content\/uploads\/2018\/11\/DSC05245-768x432.jpg 768w\" sizes=\"auto, (max-width: 750px) 100vw, 750px\" \/><\/figure>\r\n<\/li>\r\n<li class=\"blocks-gallery-item\">\r\n<figure><img loading=\"lazy\" decoding=\"async\" class=\"alignleft wp-image-482 size-large\" src=\"https:\/\/www.apartmaloucna.cz\/wp-content\/uploads\/2018\/11\/DSC05248-1024x575.jpg\" alt=\"\" width=\"750\" height=\"421\" data-id=\"482\" data-link=\"https:\/\/www.apartmaloucna.cz\/dsc05248\/\" srcset=\"https:\/\/www.apartmaloucna.cz\/wp-content\/uploads\/2018\/11\/DSC05248-1024x575.jpg 1024w, https:\/\/www.apartmaloucna.cz\/wp-content\/uploads\/2018\/11\/DSC05248-300x169.jpg 300w, https:\/\/www.apartmaloucna.cz\/wp-content\/uploads\/2018\/11\/DSC05248-768x432.jpg 768w\" sizes=\"auto, (max-width: 750px) 100vw, 750px\" \/><\/figure>\r\n<\/li>\r\n<\/ul>\r\n<p>&nbsp;<\/p>\r\n<p>&nbsp;<\/p>\r\n<p>&nbsp;<\/p>\r\n<p>&nbsp;<\/p>\r\n","protected":false},"excerpt":{"rendered":"<p>Popis ubytov\u00e1n\u00ed Nab\u00edz\u00edme komfortn\u00ed rekrea\u010dn\u00ed ubytov\u00e1n\u00ed v klidn\u00e9 \u010d\u00e1sti Lou\u010dn\u00e9 nad Desnou, v srdci Jesen\u00edk\u016f. Apartm\u00e1n je ide\u00e1ln\u00ed pro p\u00e1ry i rodiny s d\u011btmi a poskytuje pohodln\u00e9 z\u00e1zem\u00ed pro odpo\u010dinek i aktivn\u00ed dovolenou. Podkrovn\u00ed mezonetov\u00fd apartm\u00e1n 1+kk nab\u00edz\u00ed dv\u011b man\u017eelsk\u00e9<\/p>\n","protected":false},"author":1,"featured_media":0,"parent":0,"menu_order":0,"comment_status":"closed","ping_status":"closed","template":"","meta":{"ngg_post_thumbnail":0,"footnotes":""},"class_list":["post-70","page","type-page","status-publish","hentry"],"_links":{"self":[{"href":"https:\/\/www.apartmaloucna.cz\/index.php\/wp-json\/wp\/v2\/pages\/70","targetHints":{"allow":["GET"]}}],"collection":[{"href":"https:\/\/www.apartmaloucna.cz\/index.php\/wp-json\/wp\/v2\/pages"}],"about":[{"href":"https:\/\/www.apartmaloucna.cz\/index.php\/wp-json\/wp\/v2\/types\/page"}],"author":[{"embeddable":true,"href":"https:\/\/www.apartmaloucna.cz\/index.php\/wp-json\/wp\/v2\/users\/1"}],"replies":[{"embeddable":true,"href":"https:\/\/www.apartmaloucna.cz\/index.php\/wp-json\/wp\/v2\/comments?post=70"}],"version-history":[{"count":41,"href":"https:\/\/www.apartmaloucna.cz\/index.php\/wp-json\/wp\/v2\/pages\/70\/revisions"}],"predecessor-version":[{"id":1014,"href":"https:\/\/www.apartmaloucna.cz\/index.php\/wp-json\/wp\/v2\/pages\/70\/revisions\/1014"}],"wp:attachment":[{"href":"https:\/\/www.apartmaloucna.cz\/index.php\/wp-json\/wp\/v2\/media?parent=70"}],"curies":[{"name":"wp","href":"https:\/\/api.w.org\/{rel}","templated":true}]}}